{"id":5519,"date":"2021-04-22T19:46:20","date_gmt":"2021-04-22T17:46:20","guid":{"rendered":"https:\/\/www.marcushoefl.com\/?page_id=5519"},"modified":"2026-03-04T15:56:00","modified_gmt":"2026-03-04T14:56:00","slug":"legal-notice","status":"publish","type":"page","link":"https:\/\/www.marcushoefl.com\/en\/legal-notice\/","title":{"rendered":"Legal Notice"},"content":{"rendered":"\r\n<p><strong>Information according to \u00a725 Media Act and \u00a75 E-Commerce Act (ECG)<\/strong> <strong>Responsible for content:<\/strong><\/p>\r\n<p>MHM Majors GmbH<br \/>Schwarzseestra\u00dfe 14<br \/>6370 Kitzb\u00fchel<br \/>\u00d6sterreich<\/p>\r\n<p>Telefon: +43 5356 72226-0<br \/>E-Mail: office[at]marcushoefl.com<\/p>\r\n<p>Executive Management: Marcus H\u00f6fl &amp; Gabriele Doppelhofer<\/p>\r\n<p>VAT-number: ATU64325769<\/p>\r\n<h2>Dispute settlement<\/h2>\r\n<p>The European Commission provides a platform for online dispute resolution (ODR): <a href=\"https:\/\/ec.europa.eu\/consumers\/odr\" target=\"_blank\" rel=\"noopener\">https:\/\/ec.europa.eu\/consumers\/odr<\/a> You can find our e-mail address in the imprint above. We are not willing or obliged to participate in dispute resolution proceedings before a consumer arbitration board.<\/p>\r\n<h2>Copyright<\/h2>\r\n<p>\u00a9 2021 Marcus H\u00f6fl. All rights reserved! Texts, photos, graphics and design elements on this website are subject to copyright. Copying or reproduction of the materials available on these pages is only permitted with the written permission of Marcus H\u00f6fl or the owners of the photos. Errors and typing mistakes excepted. Jurisdiction District Court Kitzb\u00fchel.<\/p>\r\n<h2>Concept, design [&amp;] development<\/h2>\r\n<p><a href=\"https:\/\/www.vielsaitig.media\" target=\"_blank\" rel=\"noopener\">VIELSAITIG.MEDIA<\/a> | Ing. Thomas Buchberger | info[at]vielsaitig.media <a href=\"https:\/\/www.rosaleni.com\" target=\"_blank\" rel=\"noopener\">Rosa&amp;Leni<\/a> | Reitmeir &amp; Lechner OG | info[at]rosaleni.com<\/p>\r\n<h2>Pictures\/text<\/h2>\r\n<p>Archive Marcus H\u00f6fl, www.shutterstock.com, www.pexels.com, www.pixabay.com, Ing. Thomas Buchberger, Rosa&amp;Leni, adobe.stock \u00a9SAT.1\/Guido Engels,\u00a0\u00a9SAT.1\/Claudius Pflug, \u00a9Seven.One\/Bene M\u00fcller, \u00a9SAT.1\/Willi Weber;<\/p>\r\n<h2>Disclaimer<\/h2>\r\n<p>The operators of linked pages are responsible for their content without exception. We assume no liability for their content. Furthermore, we cannot be held liable for any damage caused by poorly researched contributions or incorrect content.<\/p>\r\n<h2>Data protection<\/h2>\r\n<p>We use cookies and process your personal data. More information in our <a href=\"\/en\/privacy-policy\">privacy policy!<\/a><\/p>\r\n","protected":false},"excerpt":{"rendered":"<p>Information according to \u00a725 Media Act and \u00a75 E-Commerce Act (ECG) Responsible for content: MHM Majors GmbHSchwarzseestra\u00dfe 146370 Kitzb\u00fchel\u00d6sterreich Telefon: +43 5356 72226-0E-Mail: office[at]marcushoefl.com Executive Management: Marcus H\u00f6fl &amp; Gabriele Doppelhofer VAT-number: ATU64325769 Dispute settlement The European Commission provides a platform for online dispute resolution (ODR): https:\/\/ec.europa.eu\/consumers\/odr You can find our e-mail address in the &hellip; <span class=\"more-link-wrap\"><a href=\"https:\/\/www.marcushoefl.com\/en\/legal-notice\/\" class=\"more-link\">Read More <span class=\"screen-reader-text\"> &#8220;Legal Notice&#8221;<\/span><\/a><\/span><\/p>\n","protected":false},"author":1,"featured_media":0,"parent":0,"menu_order":0,"comment_status":"closed","ping_status":"open","template":"","meta":[],"yoast_head":"<!-- This site is optimized with the Yoast SEO plugin v16.6.1 - https:\/\/yoast.com\/wordpress\/plugins\/seo\/ -->\n<title>Legal Notice - Marcus H\u00f6fl<\/title>\n<meta name=\"robots\" content=\"index, follow, max-snippet:-1, max-image-preview:large, max-video-preview:-1\" \/>\n<link rel=\"canonical\" href=\"https:\/\/www.marcushoefl.com\/en\/legal-notice\/\" \/>\n<meta property=\"og:locale\" content=\"en_US\" \/>\n<meta property=\"og:type\" content=\"article\" \/>\n<meta property=\"og:title\" content=\"Legal Notice - Marcus H\u00f6fl\" \/>\n<meta property=\"og:description\" content=\"Information according to \u00a725 Media Act and \u00a75 E-Commerce Act (ECG) Responsible for content: MHM Majors GmbHSchwarzseestra\u00dfe 146370 Kitzb\u00fchel\u00d6sterreich Telefon: +43 5356 72226-0E-Mail: office[at]marcushoefl.com Executive Management: Marcus H\u00f6fl &amp; Gabriele Doppelhofer VAT-number: ATU64325769 Dispute settlement The European Commission provides a platform for online dispute resolution (ODR): https:\/\/ec.europa.eu\/consumers\/odr You can find our e-mail address in the &hellip; Read More &quot;Legal Notice&quot;\" \/>\n<meta property=\"og:url\" content=\"https:\/\/www.marcushoefl.com\/en\/legal-notice\/\" \/>\n<meta property=\"og:site_name\" content=\"Marcus H\u00f6fl\" \/>\n<meta property=\"article:modified_time\" content=\"2026-03-04T14:56:00+00:00\" \/>\n<meta name=\"twitter:card\" content=\"summary_large_image\" \/>\n<meta name=\"twitter:label1\" content=\"Est. reading time\" \/>\n\t<meta name=\"twitter:data1\" content=\"1 minute\" \/>\n<script type=\"application\/ld+json\" class=\"yoast-schema-graph\">{\"@context\":\"https:\/\/schema.org\",\"@graph\":[{\"@type\":\"WebSite\",\"@id\":\"https:\/\/www.marcushoefl.com\/#website\",\"url\":\"https:\/\/www.marcushoefl.com\/\",\"name\":\"Marcus H\\u00f6fl\",\"description\":\"Meine Welt des Managements\",\"potentialAction\":[{\"@type\":\"SearchAction\",\"target\":{\"@type\":\"EntryPoint\",\"urlTemplate\":\"https:\/\/www.marcushoefl.com\/?s={search_term_string}\"},\"query-input\":\"required name=search_term_string\"}],\"inLanguage\":\"en-US\"},{\"@type\":\"WebPage\",\"@id\":\"https:\/\/www.marcushoefl.com\/en\/legal-notice\/#webpage\",\"url\":\"https:\/\/www.marcushoefl.com\/en\/legal-notice\/\",\"name\":\"Legal Notice - Marcus H\\u00f6fl\",\"isPartOf\":{\"@id\":\"https:\/\/www.marcushoefl.com\/#website\"},\"datePublished\":\"2021-04-22T17:46:20+00:00\",\"dateModified\":\"2026-03-04T14:56:00+00:00\",\"breadcrumb\":{\"@id\":\"https:\/\/www.marcushoefl.com\/en\/legal-notice\/#breadcrumb\"},\"inLanguage\":\"en-US\",\"potentialAction\":[{\"@type\":\"ReadAction\",\"target\":[\"https:\/\/www.marcushoefl.com\/en\/legal-notice\/\"]}]},{\"@type\":\"BreadcrumbList\",\"@id\":\"https:\/\/www.marcushoefl.com\/en\/legal-notice\/#breadcrumb\",\"itemListElement\":[{\"@type\":\"ListItem\",\"position\":1,\"name\":\"Startseite\",\"item\":\"https:\/\/www.marcushoefl.com\/\"},{\"@type\":\"ListItem\",\"position\":2,\"name\":\"Legal Notice\"}]}]}<\/script>\n<!-- \/ Yoast SEO plugin. -->","_links":{"self":[{"href":"https:\/\/www.marcushoefl.com\/en\/wp-json\/wp\/v2\/pages\/5519"}],"collection":[{"href":"https:\/\/www.marcushoefl.com\/en\/wp-json\/wp\/v2\/pages"}],"about":[{"href":"https:\/\/www.marcushoefl.com\/en\/wp-json\/wp\/v2\/types\/page"}],"author":[{"embeddable":true,"href":"https:\/\/www.marcushoefl.com\/en\/wp-json\/wp\/v2\/users\/1"}],"replies":[{"embeddable":true,"href":"https:\/\/www.marcushoefl.com\/en\/wp-json\/wp\/v2\/comments?post=5519"}],"version-history":[{"count":5,"href":"https:\/\/www.marcushoefl.com\/en\/wp-json\/wp\/v2\/pages\/5519\/revisions"}],"predecessor-version":[{"id":8050,"href":"https:\/\/www.marcushoefl.com\/en\/wp-json\/wp\/v2\/pages\/5519\/revisions\/8050"}],"wp:attachment":[{"href":"https:\/\/www.marcushoefl.com\/en\/wp-json\/wp\/v2\/media?parent=5519"}],"curies":[{"name":"wp","href":"https:\/\/api.w.org\/{rel}","templated":true}]}}